{"id":91107,"date":"2023-10-15T20:02:22","date_gmt":"2023-10-15T17:02:22","guid":{"rendered":"https:\/\/www.journalofficiel.dj\/?page_id=91107"},"modified":"2025-10-05T20:47:26","modified_gmt":"2025-10-05T17:47:26","slug":"mot-du-sgg","status":"publish","type":"page","link":"https:\/\/www.journalofficiel.dj\/arabe\/mot-du-sgg\/","title":{"rendered":"\u0643\u0644\u0645\u0629 \u0645\u0646 \u0627\u0644\u0623\u0645\u0627\u0646\u0629 \u0627\u0644\u0639\u0627\u0645\u0629 \u0644\u0644\u062d\u0643\u0648\u0645\u0629"},"content":{"rendered":"<div data-elementor-type=\"wp-page\" data-elementor-id=\"91107\" class=\"elementor elementor-91107\" data-elementor-post-type=\"page\">\n\t\t\t\t\t\t<section class=\"elementor-section elementor-top-section elementor-element elementor-element-2314176 p-t-lg p-b-lg elementor-section-boxed elementor-section-height-default elementor-section-height-default\" data-id=\"2314176\" data-element_type=\"section\">\r\n\t\t\r\n\t\t\t\t\t\t\t<div class=\"elementor-container elementor-column-gap-default\">\r\n\t\t\t\t\t\t\t\t\t\t\t<div class=\"elementor-column elementor-col-100 elementor-top-column elementor-element elementor-element-c16631c\" data-id=\"c16631c\" data-element_type=\"column\">\r\n\t\t\t\t\t<div class=\"elementor-widget-wrap elementor-element-populated\">\r\n\t\t\t\t\t\t\t\t<div class=\"elementor-element elementor-element-b2483aa elementor-widget elementor-widget-heading\" data-id=\"b2483aa\" data-element_type=\"widget\" data-widget_type=\"heading.default\">\n\t\t\t\t<div class=\"elementor-widget-container\">\n\t\t\t\t\t<h2 class=\"elementor-heading-title elementor-size-default\">\u0627\u0644\u062c\u0631\u064a\u062f\u0629 \u0627\u0644\u0631\u0633\u0645\u064a\u0629 \u0627\u0644\u0625\u0644\u0643\u062a\u0631\u0648\u0646\u064a\u0629 (eJO) \u00ab \u0639\u0646\u062f\u0645\u0627 \u064a\u0644\u062a\u0642\u064a \u0627\u0644\u062a\u0627\u0631\u064a\u062e \u0628\u0627\u0644\u062d\u062f\u0627\u062b\u0629 \u00bb<\/h2>\t\t\t\t<\/div>\n\t\t\t\t<\/div>\n\t\t\t\t<div class=\"elementor-element elementor-element-cef8a7f elementor-widget elementor-widget-heading\" data-id=\"cef8a7f\" data-element_type=\"widget\" data-widget_type=\"heading.default\">\n\t\t\t\t<div class=\"elementor-widget-container\">\n\t\t\t\t\t<h2 class=\"elementor-heading-title elementor-size-default\">\u0625\u0637\u0644\u0627\u0642 \u0645\u0646\u0635\u0629 \u0631\u0642\u0645\u064a\u0629 <\/h2>\t\t\t\t<\/div>\n\t\t\t\t<\/div>\n\t\t\t\t<div class=\"elementor-element elementor-element-d9a7ba5 elementor-widget elementor-widget-text-editor\" data-id=\"d9a7ba5\" data-element_type=\"widget\" data-widget_type=\"text-editor.default\">\n\t\t\t\t<div class=\"elementor-widget-container\">\n\t\t\t\t\t\t\t\t\t<blockquote><p><span style=\"color: #000000;\">La plateforme du Journal Officiel \u00e9lectronique (eJO) permet d&rsquo;acc\u00e9der \u00e0 l\u2019ensemble des documents officiels juridiques que sont les Lois promulgu\u00e9es par le Chef de l\u2019Etat mais \u00e9galement les d\u00e9crets et arr\u00eat\u00e9s. Ces documents peuvent inclure aussi des avis juridiques \u00e9manant des juridictions et plus pr\u00e9cis\u00e9ment de la Cour Supr\u00eame ainsi que des mesures individuelles qui font notre quotidien. Ces mesures individuelles sont les actes de recrutement, de\u00a0 nominations, d\u2019avancement, de changement de statut mais aussi de mise \u00e0 la retraite qui constituent le quotidien des cadres, des agents, des fonctionnaires, des conventionn\u00e9s et des militaires qui \u0153uvrent tout au long de leur vie active pour la puissance publique. Toutes ces informations sont publi\u00e9es dans le journal officiel comme la Loi l\u2019exige. L\u2019ensemble de ces informations l\u00e9gales et r\u00e9glementaires sont reprises depuis plus d\u2019un si\u00e8cle et constitue un patrimoine national inestimable. Pour paraphraser le Chef de l\u2019Etat \u00ab\u00a0<strong>le Journal Officiel fait partie de notre patrimoine, il est le t\u00e9moin de notre histoire, le miroir de notre \u00e9volution et le garant de notre droit<\/strong>\u00a0\u00bb<\/span><\/p><\/blockquote>\t\t\t\t\t\t\t\t<\/div>\n\t\t\t\t<\/div>\n\t\t\t\t\t<\/div>\r\n\t\t\t\t<\/div>\r\n\t\t\t\t\t<\/div>\r\n\t\t\t\t<\/section>\r\n\t\t\t\t<section class=\"elementor-section elementor-top-section elementor-element elementor-element-08ed5e1 elementor-section-boxed elementor-section-height-default elementor-section-height-default\" data-id=\"08ed5e1\" data-element_type=\"section\" data-settings=\"{&quot;background_background&quot;:&quot;classic&quot;}\">\r\n\t\t\r\n\t\t\t\t\t\t\t<div class=\"elementor-container elementor-column-gap-default\">\r\n\t\t\t\t\t\t\t\t\t\t\t<div class=\"elementor-column elementor-col-100 elementor-top-column elementor-element elementor-element-e19eeea w-xl-41 mb-4 mb-lg-0\" data-id=\"e19eeea\" data-element_type=\"column\">\r\n\t\t\t\t\t<div class=\"elementor-widget-wrap elementor-element-populated\">\r\n\t\t\t\t\t\t\t\t<div class=\"elementor-element elementor-element-95140a7 mb-4 pb-3 elementor-invisible elementor-widget elementor-widget-heading\" data-id=\"95140a7\" data-element_type=\"widget\" data-settings=\"{&quot;_animation&quot;:&quot;fadeInUp&quot;,&quot;_animation_delay&quot;:900}\" data-widget_type=\"heading.default\">\n\t\t\t\t<div class=\"elementor-widget-container\">\n\t\t\t\t\t<h2 class=\"elementor-heading-title elementor-size-default\">\u0635\u064f\u0646\u0639 \u0641\u064a  <strong>\u062c\u064a\u0628\u0648\u062a\u064a<\/strong><\/h2>\t\t\t\t<\/div>\n\t\t\t\t<\/div>\n\t\t\t\t<div class=\"elementor-element elementor-element-f9f2972 elementor-invisible elementor-widget elementor-widget-text-editor\" data-id=\"f9f2972\" data-element_type=\"widget\" data-settings=\"{&quot;_animation&quot;:&quot;fadeInUp&quot;,&quot;_animation_delay&quot;:1200}\" data-widget_type=\"text-editor.default\">\n\t\t\t\t<div class=\"elementor-widget-container\">\n\t\t\t\t\t\t\t\t\t<p><span style=\"color: #000000;\">Le projet de d\u00e9veloppement d\u2019une plateforme num\u00e9rique men\u00e9e par le Secr\u00e9tariat G\u00e9n\u00e9ral du Gouvernement a \u00e9t\u00e9 con\u00e7u, pr\u00e9par\u00e9, financ\u00e9 et impl\u00e9ment\u00e9 uniquement par nos compatriotes avec une \u00e9quipe de projets multiformes compos\u00e9e d\u2019archivistes, de jeunes techniciens pour la num\u00e9risation, d&rsquo;informaticien et de d\u00e9veloppeur et d\u2019un cabinet priv\u00e9 choisi apr\u00e8s avoir gagn\u00e9 un appel d\u2019offre national.<\/span><\/p>\n<p><span style=\"color: #000000;\">Cette plateforme a \u00e9t\u00e9 con\u00e7ue et d\u00e9velopp\u00e9e par un consortium djiboutien&nbsp;: Djibouti Consulting Group (DCG), une firme de conseils en strat\u00e9gies d\u2019affaires dans les projets de transformation num\u00e9rique et OTIX IT &amp; DIGITAL CONSULTING, qui accompagne les entreprises dans leurs projets num\u00e9riques, de leur conception \u00e0 leur mise en \u0153uvre.<\/span><\/p>\n<p><span style=\"color: #000000;\">Ces deux compagnies ont uni leurs forces pour r\u00e9pondre aux besoins sp\u00e9cifiques de ce projet de digitalisation du Journal Officiel (JO).<\/span><\/p>\n<p><span style=\"color: #000000;\">L&rsquo;ANSIE a jou\u00e9 un r\u00f4le essentiel en tant qu&rsquo;assistant \u00e0 ma\u00eetrise d&rsquo;ouvrage pour le Secr\u00e9tariat G\u00e9n\u00e9ral du Gouvernement dans le processus de cr\u00e9ation et de mise en ligne de la plateforme eJO. \u00c0 ce titre, elle a assum\u00e9 la responsabilit\u00e9 du contr\u00f4le qualit\u00e9 des livrables fournis par le cabinet recrut\u00e9 pour ce projet. Cette mission \u00e9tait cruciale pour garantir la conformit\u00e9 des r\u00e9sultats aux normes et aux exigences \u00e9tablies, ainsi que pour assurer la fiabilit\u00e9 et la qualit\u00e9 de la plateforme, qui rev\u00eat une importance majeure dans la d\u00e9mat\u00e9rialisation des services gouvernementaux et la diffusion des textes officiels. L&rsquo;Agence a ainsi contribu\u00e9 de mani\u00e8re significative \u00e0 la r\u00e9ussite de cette initiative en supervisant attentivement les livrables du cabinet et en veillant \u00e0 ce que la plateforme r\u00e9ponde aux objectifs et aux standards requis par le SGG<\/span><\/p>\t\t\t\t\t\t\t\t<\/div>\n\t\t\t\t<\/div>\n\t\t\t\t\t<\/div>\r\n\t\t\t\t<\/div>\r\n\t\t\t\t\t<\/div>\r\n\t\t\t\t<\/section>\r\n\t\t\t\t<section class=\"elementor-section elementor-top-section elementor-element elementor-element-14c12d6 m-t-n-xs elementor-section-boxed elementor-section-height-default elementor-section-height-default\" data-id=\"14c12d6\" data-element_type=\"section\">\r\n\t\t\r\n\t\t\t\t\t\t\t<div class=\"elementor-container elementor-column-gap-default\">\r\n\t\t\t\t\t\t\t\t\t\t\t<div class=\"elementor-column elementor-col-100 elementor-top-column elementor-element elementor-element-b76858e\" data-id=\"b76858e\" data-element_type=\"column\">\r\n\t\t\t\t\t<div class=\"elementor-widget-wrap elementor-element-populated\">\r\n\t\t\t\t\t\t\t\t<div class=\"elementor-element elementor-element-dc4dcaf my-5 elementor-widget-divider--view-line elementor-widget elementor-widget-divider\" data-id=\"dc4dcaf\" data-element_type=\"widget\" data-widget_type=\"divider.default\">\n\t\t\t\t<div class=\"elementor-widget-container\">\n\t\t\t\t\t\t\t<div class=\"elementor-divider\">\n\t\t\t<span class=\"elementor-divider-separator\">\n\t\t\t\t\t\t<\/span>\n\t\t<\/div>\n\t\t\t\t\t\t<\/div>\n\t\t\t\t<\/div>\n\t\t\t\t\t<\/div>\r\n\t\t\t\t<\/div>\r\n\t\t\t\t\t<\/div>\r\n\t\t\t\t<\/section>\r\n\t\t\t\t<section class=\"elementor-section elementor-top-section elementor-element elementor-element-1043ac3 my-5  position-relative z-index-1 elementor-section-content-middle elementor-section-boxed elementor-section-height-default elementor-section-height-default\" data-id=\"1043ac3\" data-element_type=\"section\" id=\"aboutus\">\r\n\t\t\r\n\t\t\t\t\t\t\t<div class=\"elementor-container elementor-column-gap-default\">\r\n\t\t\t\t\t\t\t\t\t\t\t<div class=\"elementor-column elementor-col-50 elementor-top-column elementor-element elementor-element-24fd5ed custom-px-1 pb-sm-5 pb-lg-0 mb-5 mb-lg-0\" data-id=\"24fd5ed\" data-element_type=\"column\">\r\n\t\t\t\t\t<div class=\"elementor-widget-wrap elementor-element-populated\">\r\n\t\t\t\t\t\t\t\t<div class=\"elementor-element elementor-element-c86adbd elementor-invisible elementor-widget elementor-widget-image\" data-id=\"c86adbd\" data-element_type=\"widget\" data-settings=\"{&quot;_animation&quot;:&quot;fadeIn&quot;,&quot;_animation_delay&quot;:500}\" data-widget_type=\"image.default\">\n\t\t\t\t<div class=\"elementor-widget-container\">\n\t\t\t\t\t\t\t\t\t\t\t\t\t\t\t<img fetchpriority=\"high\" decoding=\"async\" width=\"572\" height=\"243\" src=\"https:\/\/www.journalofficiel.dj\/wp-content\/uploads\/2023\/06\/ejo-LOGO-new.png\" class=\"attachment-large size-large wp-image-2262\" alt=\"\" srcset=\"https:\/\/www.journalofficiel.dj\/wp-content\/uploads\/2023\/06\/ejo-LOGO-new.png 572w, https:\/\/www.journalofficiel.dj\/wp-content\/uploads\/2023\/06\/ejo-LOGO-new-400x170.png 400w, https:\/\/www.journalofficiel.dj\/wp-content\/uploads\/2023\/06\/ejo-LOGO-new-367x156.png 367w\" sizes=\"(max-width: 572px) 100vw, 572px\" \/>\t\t\t\t\t\t\t\t\t\t\t\t\t\t\t<\/div>\n\t\t\t\t<\/div>\n\t\t\t\t\t<\/div>\r\n\t\t\t\t<\/div>\r\n\t\t\t\t<div class=\"elementor-column elementor-col-50 elementor-top-column elementor-element elementor-element-41946d1\" data-id=\"41946d1\" data-element_type=\"column\">\r\n\t\t\t\t\t<div class=\"elementor-widget-wrap elementor-element-populated\">\r\n\t\t\t\t\t\t\t\t<div class=\"elementor-element elementor-element-0a4f06c elementor-invisible elementor-widget elementor-widget-heading\" data-id=\"0a4f06c\" data-element_type=\"widget\" data-settings=\"{&quot;_animation&quot;:&quot;fadeInUp&quot;,&quot;_animation_delay&quot;:400}\" data-widget_type=\"heading.default\">\n\t\t\t\t<div class=\"elementor-widget-container\">\n\t\t\t\t\t<h2 class=\"elementor-heading-title elementor-size-default\">\u0645\u0646\u0635\u0629 \u0648\u064a\u0628 \u062c\u062f\u064a\u062f\u0629 \u0645\u062e\u0635\u0635\u0629 \u0641\u0642\u0637 \u0644\u0644\u062c\u0631\u064a\u062f\u0629 \u0627\u0644\u0631\u0633\u0645\u064a\u0629<\/h2>\t\t\t\t<\/div>\n\t\t\t\t<\/div>\n\t\t\t\t<div class=\"elementor-element elementor-element-45285ac custom-font-secondary mb-4 pb-2 pe-lg-5 elementor-widget elementor-widget-heading\" data-id=\"45285ac\" data-element_type=\"widget\" data-widget_type=\"heading.default\">\n\t\t\t\t<div class=\"elementor-widget-container\">\n\t\t\t\t\t<p class=\"elementor-heading-title elementor-size-default\">\u064a\u064f\u0639\u062f \u0627\u0644\u062d\u0643\u0648\u0645\u0629 \u0627\u0644\u0625\u0644\u0643\u062a\u0631\u0648\u0646\u064a\u0629 \u0631\u0643\u064a\u0632\u0629 \u0623\u0633\u0627\u0633\u064a\u0629 \u0644\u0644\u0625\u0635\u0644\u0627\u062d \u0648\u062a\u062d\u062f\u064a\u062b \u0627\u0644\u0642\u0637\u0627\u0639 \u0627\u0644\u0639\u0627\u0645\u060c \u062d\u064a\u062b \u064a\u0647\u062f\u0641 \u0625\u0644\u0649 \u062a\u062d\u0633\u064a\u0646 \u062a\u0642\u062f\u064a\u0645 \u0627\u0644\u062e\u062f\u0645\u0627\u062a\u060c \u0648\u062a\u0639\u0632\u064a\u0632 \u0627\u0644\u0634\u0641\u0627\u0641\u064a\u0629 \u0648\u0627\u0644\u0645\u0633\u0627\u0621\u0644\u0629\u060c \u0648\u062a\u0639\u0632\u064a\u0632 \u0645\u0634\u0627\u0631\u0643\u0629 \u0627\u0644\u0645\u0648\u0627\u0637\u0646\u064a\u0646\u060c \u0648\u062a\u062d\u0633\u064a\u0646 \u0645\u0646\u0627\u062e \u0627\u0644\u0623\u0639\u0645\u0627\u0644.\n\u0648\u0641\u064a \u0625\u0637\u0627\u0631 \u0647\u0630\u0627 \u0627\u0644\u062a\u062d\u062f\u064a\u062b\u060c \u0642\u0627\u0645 \u0627\u0644\u0623\u0645\u0627\u0646\u0629 \u0627\u0644\u0639\u0627\u0645\u0629 \u0644\u0644\u062d\u0643\u0648\u0645\u0629 (SGG) \u0628\u062e\u0637\u0648\u0629 \u0645\u0647\u0645\u0629 \u0646\u062d\u0648 \u062a\u062d\u0633\u064a\u0646 \u0627\u0644\u062d\u0648\u0643\u0645\u0629 \u0627\u0644\u0639\u0627\u0645\u0629\u060c \u0648\u0630\u0644\u0643 \u0645\u0646 \u062e\u0644\u0627\u0644 \u0627\u0639\u062a\u0645\u0627\u062f \u062a\u0643\u0646\u0648\u0644\u0648\u062c\u064a\u0627 \u0627\u0644\u0645\u0639\u0644\u0648\u0645\u0627\u062a \u0648\u0627\u0644\u0627\u062a\u0635\u0627\u0644\u0627\u062a \u0644\u062c\u0639\u0644 \u0627\u0644\u0646\u0635\u0648\u0635 \u0627\u0644\u0642\u0627\u0646\u0648\u0646\u064a\u0629 \u0648\u0627\u0644\u0646\u0634\u0631\u0627\u062a \u0627\u0644\u0645\u0644\u062d\u0642\u0629 \u0627\u0644\u0645\u062e\u062a\u0644\u0641\u0629 \u0645\u062a\u0627\u062d\u0629 \u0639\u0628\u0631 \u0645\u0646\u0635\u0629 \u0625\u0644\u0643\u062a\u0631\u0648\u0646\u064a\u0629 \u0645\u062a\u0643\u0627\u0645\u0644\u0629\u060c \u0645\u062e\u0635\u0635\u0629 \u0628\u0627\u0644\u0643\u0627\u0645\u0644 \u0644\u0644\u062c\u0631\u064a\u062f\u0629 \u0627\u0644\u0631\u0633\u0645\u064a\u0629\u060c \u0648\u0622\u0645\u0646\u0629 \u0644\u0636\u0645\u0627\u0646 \u0645\u0648\u062b\u0648\u0642\u064a\u0629 \u0648\u0633\u0647\u0648\u0644\u0629 \u0627\u0644\u0648\u0635\u0648\u0644 \u0625\u0644\u0649 \u0627\u0644\u0645\u0639\u0644\u0648\u0645\u0627\u062a \u0627\u0644\u0642\u0627\u0646\u0648\u0646\u064a\u0629.<\/p>\t\t\t\t<\/div>\n\t\t\t\t<\/div>\n\t\t\t\t\t<\/div>\r\n\t\t\t\t<\/div>\r\n\t\t\t\t\t<\/div>\r\n\t\t\t\t<\/section>\r\n\t\t\t\t<div class=\"elementor-section elementor-top-section elementor-element elementor-element-fc594e0 m-b-md pb-3 elementor-section-boxed elementor-section-height-default elementor-section-height-default\" data-id=\"fc594e0\" data-element_type=\"section\">\r\n\t\t\r\n\t\t\t\t\t\t\t<div class=\"elementor-container elementor-column-gap-default\">\r\n\t\t\t\t\t\t\t\t\t\t\t<div class=\"elementor-column elementor-col-50 elementor-top-column elementor-element elementor-element-c4a81ba\" data-id=\"c4a81ba\" data-element_type=\"column\">\r\n\t\t\t\t\t<div class=\"elementor-widget-wrap elementor-element-populated\">\r\n\t\t\t\t\t\t\t\t<div class=\"elementor-element elementor-element-306d921 icon-bordered custom-info-box m-b-xxl pb-3 elementor-widget elementor-widget-porto_info_box\" data-id=\"306d921\" data-element_type=\"widget\" data-widget_type=\"porto_info_box.default\">\n\t\t\t\t<div class=\"elementor-widget-container\">\n\t\t\t\t\t<div class=\"porto-sicon-box style_1 default-icon flex-wrap\"><div class=\"porto-sicon-default\"><div class=\"porto-just-icon-wrapper porto-icon none\" style=\"margin-left:12px;\"><i class=\"fas fa-check\"><\/i><\/div><\/div><div class=\"porto-sicon-header\"><h3 class=\"porto-sicon-title\" style=\"\">\u062a\u0635\u0641\u062d \u0633\u0644\u0633 \u0648\u0630\u0643\u064a<\/h3><\/div> <!-- header --><div class=\"porto-sicon-description\" style=\"\" ><p>\u062a\u0645 \u062a\u0635\u0645\u064a\u0645 \u062a\u062c\u0631\u0628\u0629 \u0627\u0644\u062a\u0635\u0641\u062d \u0639\u0644\u0649 \u0627\u0644\u0645\u0646\u0635\u0629 \u0628\u0639\u0646\u0627\u064a\u0629 \u0641\u0627\u0626\u0642\u0629 \u0644\u062a\u0648\u0641\u064a\u0631 \u062a\u062c\u0631\u0628\u0629 \u0645\u0633\u062a\u062e\u062f\u0645 \u0633\u0647\u0644\u0629 \u0648\u0628\u062f\u064a\u0647\u064a\u0629. \u064a\u0645\u0643\u0646 \u0644\u0644\u0645\u0633\u062a\u062e\u062f\u0645\u064a\u0646 \u0627\u0644\u062a\u0646\u0642\u0644 \u0628\u0633\u0647\u0648\u0644\u0629 \u0628\u064a\u0646 \u0645\u062e\u062a\u0644\u0641 \u0627\u0644\u0646\u0635\u0648\u0635 \u0627\u0644\u0642\u0627\u0646\u0648\u0646\u064a\u0629\u060c \u062d\u064a\u062b \u062a\u0645 \u0627\u0644\u062a\u0631\u0643\u064a\u0632 \u0628\u0634\u0643\u0644 \u062e\u0627\u0635 \u0639\u0644\u0649 \u062a\u0635\u0645\u064a\u0645 \u0648\u0627\u062c\u0647\u0629 \u0645\u0631\u064a\u062d\u0629 \u0648\u0633\u0647\u0644\u0629 \u0627\u0644\u0627\u0633\u062a\u062e\u062f\u0627\u0645\u060c \u0645\u0645\u0627 \u064a\u0636\u0645\u0646 \u0633\u0647\u0648\u0644\u0629 \u0627\u0644\u0648\u0635\u0648\u0644 \u0644\u0643\u0644 \u0645\u0646 \u0627\u0644\u0645\u0633\u062a\u062e\u062f\u0645\u064a\u0646 \u0627\u0644\u0645\u0628\u062a\u062f\u0626\u064a\u0646 \u0648\u0627\u0644\u062e\u0628\u0631\u0627\u0621 \u0639\u0644\u0649 \u062d\u062f \u0633\u0648\u0627\u0621.<\/p><\/div> <!-- description --><\/div><!-- porto-sicon-box -->\t\t\t\t<\/div>\n\t\t\t\t<\/div>\n\t\t\t\t<div class=\"elementor-element elementor-element-8a6668f icon-bordered custom-info-box m-b-xxl pb-3 elementor-widget elementor-widget-porto_info_box\" data-id=\"8a6668f\" data-element_type=\"widget\" data-widget_type=\"porto_info_box.default\">\n\t\t\t\t<div class=\"elementor-widget-container\">\n\t\t\t\t\t<div class=\"porto-sicon-box style_1 default-icon flex-wrap\"><div class=\"porto-sicon-default\"><div class=\"porto-just-icon-wrapper porto-icon none\" style=\"margin-left:12px;\"><i class=\"fas fa-check\"><\/i><\/div><\/div><div class=\"porto-sicon-header\"><h3 class=\"porto-sicon-title\" style=\"\">\u0627\u0644\u0627\u0634\u062a\u0631\u0627\u0643\u0627\u062a<\/h3><\/div> <!-- header --><div class=\"porto-sicon-description\" style=\"\" ><p>\u0633\u062a\u062a\u0636\u0645\u0646 \u0627\u0644\u0645\u0646\u0635\u0629 \u0627\u0644\u062c\u062f\u064a\u062f\u0629\u060c \u0641\u064a \u0627\u0644\u0645\u0633\u062a\u0642\u0628\u0644 \u0627\u0644\u0642\u0631\u064a\u0628\u060c \u0645\u064a\u0632\u0629 \u0625\u062f\u0627\u0631\u0629 \u0627\u0644\u0627\u0634\u062a\u0631\u0627\u0643\u0627\u062a \u0644\u0644\u0648\u0635\u0648\u0644 \u0625\u0644\u0649 \u0627\u0644\u062c\u0631\u064a\u062f\u0629 \u0627\u0644\u0631\u0633\u0645\u064a\u0629. \u0633\u064a\u062a\u0645\u0643\u0646 \u0627\u0644\u0645\u0633\u062a\u062e\u062f\u0645\u0648\u0646 \u0645\u0646 \u0627\u0644\u0627\u0634\u062a\u0631\u0627\u0643 \u0641\u064a \u0627\u0644\u0625\u0634\u0639\u0627\u0631\u0627\u062a \u0648\u0627\u0644\u062a\u0646\u0628\u064a\u0647\u0627\u062a \u0627\u0644\u0645\u062e\u0635\u0635\u0629 \u0644\u064a\u062a\u0645 \u0625\u0628\u0644\u0627\u063a\u0647\u0645 \u0641\u0648\u0631\u064b\u0627 \u0639\u0646\u062f \u0646\u0634\u0631 \u0625\u0635\u062f\u0627\u0631\u0627\u062a \u062c\u062f\u064a\u062f\u0629\u060c \u0648\u0641\u0642\u064b\u0627 \u0644\u062a\u0641\u0636\u064a\u0644\u0627\u062a\u0647\u0645. \u0633\u062a\u0633\u0647\u0644 \u0647\u0630\u0647 \u0627\u0644\u0645\u064a\u0632\u0629 \u0639\u0645\u0644\u064a\u0629 \u0627\u0644\u0645\u062a\u0627\u0628\u0639\u0629 \u0627\u0644\u0642\u0627\u0646\u0648\u0646\u064a\u0629\u060c \u0645\u0645\u0627 \u064a\u0636\u0645\u0646 \u0628\u0642\u0627\u0621 \u0627\u0644\u0645\u0633\u062a\u062e\u062f\u0645\u064a\u0646 \u0639\u0644\u0649 \u0627\u0637\u0644\u0627\u0639 \u062f\u0627\u0626\u0645 \u0628\u0623\u062d\u062f\u062b \u0627\u0644\u0645\u0639\u0644\u0648\u0645\u0627\u062a \u0648\u0627\u0644\u062a\u062d\u062f\u064a\u062b\u0627\u062a \u0627\u0644\u0642\u0627\u0646\u0648\u0646\u064a\u0629 \u0630\u0627\u062a \u0627\u0644\u0635\u0644\u0629.<\/p><\/div> <!-- description --><\/div><!-- porto-sicon-box -->\t\t\t\t<\/div>\n\t\t\t\t<\/div>\n\t\t\t\t\t<\/div>\r\n\t\t\t\t<\/div>\r\n\t\t\t\t<div class=\"elementor-column elementor-col-50 elementor-top-column elementor-element elementor-element-dd4998c\" data-id=\"dd4998c\" data-element_type=\"column\">\r\n\t\t\t\t\t<div class=\"elementor-widget-wrap elementor-element-populated\">\r\n\t\t\t\t\t\t\t\t<div class=\"elementor-element elementor-element-6c6a687 icon-bordered custom-info-box m-b-xxl pb-3 elementor-widget elementor-widget-porto_info_box\" data-id=\"6c6a687\" data-element_type=\"widget\" data-widget_type=\"porto_info_box.default\">\n\t\t\t\t<div class=\"elementor-widget-container\">\n\t\t\t\t\t<div class=\"porto-sicon-box style_1 default-icon flex-wrap\"><div class=\"porto-sicon-default\"><div class=\"porto-just-icon-wrapper porto-icon none\" style=\"margin-left:12px;\"><i class=\"fas fa-check\"><\/i><\/div><\/div><div class=\"porto-sicon-header\"><h3 class=\"porto-sicon-title\" style=\"\">\u0628\u062d\u062b \u0645\u062a\u0642\u062f\u0645 \u0648\u0645\u062d\u0633\u0651\u0646<\/h3><\/div> <!-- header --><div class=\"porto-sicon-description\" style=\"\" ><p>\u062a\u0645 \u062a\u0637\u0648\u064a\u0631 \u0648\u0638\u0627\u0626\u0641 \u0628\u062d\u062b \u0645\u062a\u0642\u062f\u0645\u0629 \u062a\u062a\u064a\u062d \u0644\u0644\u0645\u0633\u062a\u062e\u062f\u0645\u064a\u0646 \u0627\u0644\u0639\u062b\u0648\u0631 \u0628\u0633\u0631\u0639\u0629 \u0648\u062f\u0642\u0629 \u0639\u0644\u0649 \u0627\u0644\u0646\u0635\u0648\u0635 \u0627\u0644\u062a\u0634\u0631\u064a\u0639\u064a\u0629 \u0648\u0627\u0644\u062a\u0646\u0638\u064a\u0645\u064a\u0629 \u0627\u0644\u0645\u0637\u0644\u0648\u0628\u0629. \u064a\u0645\u0643\u0646\u0647\u0645 \u0627\u0644\u0627\u0633\u062a\u0641\u0627\u062f\u0629 \u0645\u0646 \u0627\u0644\u0641\u0644\u0627\u062a\u0631\u060c \u0648\u0627\u0644\u0645\u0634\u063a\u0644\u0627\u062a \u0627\u0644\u0628\u062d\u062b\u064a\u0629\u060c \u0648\u0627\u0644\u0643\u0644\u0645\u0627\u062a \u0627\u0644\u0645\u0641\u062a\u0627\u062d\u064a\u0629 \u0644\u062a\u062d\u0633\u064a\u0646 \u0646\u062a\u0627\u0626\u062c \u0627\u0644\u0628\u062d\u062b \u0648\u0627\u0644\u0639\u062b\u0648\u0631 \u0628\u0633\u0647\u0648\u0644\u0629 \u0639\u0644\u0649 \u0623\u064a \u0646\u0635 \u0642\u0627\u0646\u0648\u0646\u064a \u0623\u0648 \u0639\u062f\u062f \u0645\u0646 \u0627\u0644\u062c\u0631\u064a\u062f\u0629 \u0627\u0644\u0631\u0633\u0645\u064a\u0629.<\/p><\/div> <!-- description --><\/div><!-- porto-sicon-box -->\t\t\t\t<\/div>\n\t\t\t\t<\/div>\n\t\t\t\t<div class=\"elementor-element elementor-element-073b256 icon-bordered custom-info-box m-b-xxl pb-3 elementor-widget elementor-widget-porto_info_box\" data-id=\"073b256\" data-element_type=\"widget\" data-widget_type=\"porto_info_box.default\">\n\t\t\t\t<div class=\"elementor-widget-container\">\n\t\t\t\t\t<div class=\"porto-sicon-box style_1 default-icon flex-wrap\"><div class=\"porto-sicon-default\"><div class=\"porto-just-icon-wrapper porto-icon none\" style=\"margin-left:12px;\"><i class=\"fas fa-check\"><\/i><\/div><\/div><div class=\"porto-sicon-header\"><h3 class=\"porto-sicon-title\" style=\"\">\u0627\u0644\u0645\u062f\u0641\u0648\u0639\u0627\u062a \u0627\u0644\u0625\u0644\u0643\u062a\u0631\u0648\u0646\u064a\u0629<\/h3><\/div> <!-- header --><div class=\"porto-sicon-description\" style=\"\" ><p>\u0633\u062a\u0648\u0641\u0631 \u0627\u0644\u0645\u0646\u0635\u0629 \u0625\u0645\u0643\u0627\u0646\u064a\u0629 \u0627\u0644\u062f\u0641\u0639 \u0627\u0644\u0625\u0644\u0643\u062a\u0631\u0648\u0646\u064a \u0627\u0644\u0622\u0645\u0646 \u0644\u062a\u0645\u0643\u064a\u0646 \u0627\u0644\u0645\u0633\u062a\u062e\u062f\u0645\u064a\u0646 \u0645\u0646 \u062a\u0633\u062f\u064a\u062f \u0627\u0634\u062a\u0631\u0627\u0643\u0627\u062a\u0647\u0645 \u0648\u0627\u0644\u0627\u0633\u062a\u0641\u0627\u062f\u0629 \u0645\u0646 \u0627\u0644\u062e\u062f\u0645\u0627\u062a \u0627\u0644\u0645\u062e\u0635\u0635\u0629. \u0633\u064a\u062a\u0645\u0643\u0646 \u0627\u0644\u0645\u0633\u062a\u062e\u062f\u0645\u0648\u0646 \u0645\u0646 \u0627\u0644\u062f\u0641\u0639 \u0639\u0628\u0631 \u0627\u0644\u0628\u0637\u0627\u0642\u0627\u062a \u0627\u0644\u0645\u0635\u0631\u0641\u064a\u0629 \u0623\u0648 \u0645\u0646 \u062e\u0644\u0627\u0644 \u0627\u0644\u0645\u062d\u0627\u0641\u0638 \u0627\u0644\u0625\u0644\u0643\u062a\u0631\u0648\u0646\u064a\u0629 \u0645\u062b\u0644 D-MONEY\u060c CACPAY\u060c \u0648WAAFI\u060c \u0645\u0645\u0627 \u064a\u0636\u0645\u0646 \u0633\u0647\u0648\u0644\u0629 \u0648\u0623\u0645\u0627\u0646 \u0627\u0644\u0645\u0639\u0627\u0645\u0644\u0627\u062a \u0627\u0644\u0645\u0627\u0644\u064a\u0629 \u0639\u0644\u0649 \u0627\u0644\u0645\u0646\u0635\u0629.<\/p><\/div> <!-- description --><\/div><!-- porto-sicon-box -->\t\t\t\t<\/div>\n\t\t\t\t<\/div>\n\t\t\t\t\t<\/div>\r\n\t\t\t\t<\/div>\r\n\t\t\t\t\t<\/div>\r\n\t\t\t\t<\/div>\r\n\t\t\t\t<\/div>","protected":false},"excerpt":{"rendered":"<p>Le eJO \u00ab Quand l\u2019histoire rencontre la modernit\u00e9 \u00bb Lancement d\u2019une plateforme num\u00e9rique La plateforme du Journal Officiel \u00e9lectronique (eJO) permet d&rsquo;acc\u00e9der \u00e0 l\u2019ensemble des documents officiels juridiques que sont les Lois promulgu\u00e9es par le Chef de l\u2019Etat mais \u00e9galement les d\u00e9crets et arr\u00eat\u00e9s. Ces documents peuvent inclure aussi des avis juridiques \u00e9manant des juridictions [&hellip;]<\/p>","protected":false},"author":1,"featured_media":0,"parent":0,"menu_order":0,"comment_status":"closed","ping_status":"closed","template":"","meta":{"_acf_changed":false,"_monsterinsights_skip_tracking":false,"_monsterinsights_sitenote_active":false,"_monsterinsights_sitenote_note":"","_monsterinsights_sitenote_category":0,"footnotes":""},"class_list":["post-91107","page","type-page","status-publish","hentry"],"acf":[],"aioseo_notices":[],"_links":{"self":[{"href":"https:\/\/www.journalofficiel.dj\/arabe\/wp-json\/wp\/v2\/pages\/91107","targetHints":{"allow":["GET"]}}],"collection":[{"href":"https:\/\/www.journalofficiel.dj\/arabe\/wp-json\/wp\/v2\/pages"}],"about":[{"href":"https:\/\/www.journalofficiel.dj\/arabe\/wp-json\/wp\/v2\/types\/page"}],"author":[{"embeddable":true,"href":"https:\/\/www.journalofficiel.dj\/arabe\/wp-json\/wp\/v2\/users\/1"}],"replies":[{"embeddable":true,"href":"https:\/\/www.journalofficiel.dj\/arabe\/wp-json\/wp\/v2\/comments?post=91107"}],"version-history":[{"count":21,"href":"https:\/\/www.journalofficiel.dj\/arabe\/wp-json\/wp\/v2\/pages\/91107\/revisions"}],"predecessor-version":[{"id":208405,"href":"https:\/\/www.journalofficiel.dj\/arabe\/wp-json\/wp\/v2\/pages\/91107\/revisions\/208405"}],"wp:attachment":[{"href":"https:\/\/www.journalofficiel.dj\/arabe\/wp-json\/wp\/v2\/media?parent=91107"}],"curies":[{"name":"wp","href":"https:\/\/api.w.org\/{rel}","templated":true}]}}